{"id":1207,"date":"2022-07-12T12:55:09","date_gmt":"2022-07-12T18:55:09","guid":{"rendered":"https:\/\/www.diaspro.com.gt\/sitio\/?post_type=product&#038;p=1207"},"modified":"2025-11-26T17:36:11","modified_gmt":"2025-11-26T23:36:11","slug":"medidor-laser-hasta-20-metros","status":"publish","type":"product","link":"https:\/\/www.diaspro.com.gt\/sitio\/producto\/medidor-laser-hasta-20-metros\/","title":{"rendered":"Medidor laser (hasta 20 metros)"},"content":{"rendered":"<ul>\n<li>Distancia\/\u00c1rea\/Vol\u00famen<\/li>\n<li>Precisi\u00f3n \u00b12mm<\/li>\n<li>Unidad de medida: metros y pies<\/li>\n<li>Bater\u00eda: 2xAAA 1.5V<\/li>\n<li>Duraci\u00f3n de bater\u00eda hasta 5000 mediciones<\/li>\n<li>Luz de fondo<\/li>\n<\/ul>\n","protected":false},"excerpt":{"rendered":"<p>Distancia\/\u00c1rea\/Vol\u00famen Precisi\u00f3n \u00b12mm Unidad de medida: metros y pies Bater\u00eda: 2xAAA 1.5V Duraci\u00f3n de bater\u00eda hasta 5000 mediciones Luz de fondo<\/p>\n","protected":false},"featured_media":1208,"comment_status":"open","ping_status":"closed","template":"","meta":{"_et_pb_use_builder":"","_et_pb_old_content":"","_et_gb_content_width":""},"product_brand":[],"product_cat":[606],"product_tag":[70,124,79,123],"class_list":{"0":"post-1207","1":"product","2":"type-product","3":"status-publish","4":"has-post-thumbnail","6":"product_cat-tolsen","7":"product_tag-herramientas","8":"product_tag-laser","9":"product_tag-medicion","10":"product_tag-medidor","12":"first","13":"instock","14":"shipping-taxable","15":"purchasable","16":"product-type-simple"},"jetpack_sharing_enabled":true,"jetpack_likes_enabled":true,"_links":{"self":[{"href":"https:\/\/www.diaspro.com.gt\/sitio\/wp-json\/wp\/v2\/product\/1207","targetHints":{"allow":["GET"]}}],"collection":[{"href":"https:\/\/www.diaspro.com.gt\/sitio\/wp-json\/wp\/v2\/product"}],"about":[{"href":"https:\/\/www.diaspro.com.gt\/sitio\/wp-json\/wp\/v2\/types\/product"}],"replies":[{"embeddable":true,"href":"https:\/\/www.diaspro.com.gt\/sitio\/wp-json\/wp\/v2\/comments?post=1207"}],"wp:featuredmedia":[{"embeddable":true,"href":"https:\/\/www.diaspro.com.gt\/sitio\/wp-json\/wp\/v2\/media\/1208"}],"wp:attachment":[{"href":"https:\/\/www.diaspro.com.gt\/sitio\/wp-json\/wp\/v2\/media?parent=1207"}],"wp:term":[{"taxonomy":"product_brand","embeddable":true,"href":"https:\/\/www.diaspro.com.gt\/sitio\/wp-json\/wp\/v2\/product_brand?post=1207"},{"taxonomy":"product_cat","embeddable":true,"href":"https:\/\/www.diaspro.com.gt\/sitio\/wp-json\/wp\/v2\/product_cat?post=1207"},{"taxonomy":"product_tag","embeddable":true,"href":"https:\/\/www.diaspro.com.gt\/sitio\/wp-json\/wp\/v2\/product_tag?post=1207"}],"curies":[{"name":"wp","href":"https:\/\/api.w.org\/{rel}","templated":true}]}}