{"id":1180,"date":"2022-06-15T12:59:21","date_gmt":"2022-06-15T18:59:21","guid":{"rendered":"https:\/\/www.diaspro.com.gt\/sitio\/?post_type=product&#038;p=1180"},"modified":"2025-11-26T17:40:42","modified_gmt":"2025-11-26T23:40:42","slug":"vice-grip-de-presion-curvo","status":"publish","type":"product","link":"https:\/\/www.diaspro.com.gt\/sitio\/producto\/vice-grip-de-presion-curvo\/","title":{"rendered":"Vice Grip de Presi\u00f3n Curvo"},"content":{"rendered":"<ul>\n<li>Acero de cromo de vanadio acabado en n\u00edquel<\/li>\n<li>Empacado en colgador de pl\u00e1stico<\/li>\n<li>tama\u00f1o 10&#8243;<\/li>\n<\/ul>\n","protected":false},"excerpt":{"rendered":"<p>Acero de cromo de vanadio acabado en n\u00edquel Empacado en colgador de pl\u00e1stico tama\u00f1o 10&#8243;<\/p>\n","protected":false},"featured_media":1181,"comment_status":"open","ping_status":"closed","template":"","meta":{"_et_pb_use_builder":"","_et_pb_old_content":"","_et_gb_content_width":""},"product_brand":[],"product_cat":[606],"product_tag":[111,70,110],"class_list":{"0":"post-1180","1":"product","2":"type-product","3":"status-publish","4":"has-post-thumbnail","6":"product_cat-tolsen","7":"product_tag-curvo","8":"product_tag-herramientas","9":"product_tag-vice-grip","11":"first","12":"instock","13":"shipping-taxable","14":"purchasable","15":"product-type-simple"},"jetpack_sharing_enabled":true,"jetpack_likes_enabled":true,"_links":{"self":[{"href":"https:\/\/www.diaspro.com.gt\/sitio\/wp-json\/wp\/v2\/product\/1180","targetHints":{"allow":["GET"]}}],"collection":[{"href":"https:\/\/www.diaspro.com.gt\/sitio\/wp-json\/wp\/v2\/product"}],"about":[{"href":"https:\/\/www.diaspro.com.gt\/sitio\/wp-json\/wp\/v2\/types\/product"}],"replies":[{"embeddable":true,"href":"https:\/\/www.diaspro.com.gt\/sitio\/wp-json\/wp\/v2\/comments?post=1180"}],"wp:featuredmedia":[{"embeddable":true,"href":"https:\/\/www.diaspro.com.gt\/sitio\/wp-json\/wp\/v2\/media\/1181"}],"wp:attachment":[{"href":"https:\/\/www.diaspro.com.gt\/sitio\/wp-json\/wp\/v2\/media?parent=1180"}],"wp:term":[{"taxonomy":"product_brand","embeddable":true,"href":"https:\/\/www.diaspro.com.gt\/sitio\/wp-json\/wp\/v2\/product_brand?post=1180"},{"taxonomy":"product_cat","embeddable":true,"href":"https:\/\/www.diaspro.com.gt\/sitio\/wp-json\/wp\/v2\/product_cat?post=1180"},{"taxonomy":"product_tag","embeddable":true,"href":"https:\/\/www.diaspro.com.gt\/sitio\/wp-json\/wp\/v2\/product_tag?post=1180"}],"curies":[{"name":"wp","href":"https:\/\/api.w.org\/{rel}","templated":true}]}}