{"id":1149,"date":"2022-06-13T16:15:39","date_gmt":"2022-06-13T22:15:39","guid":{"rendered":"https:\/\/www.diaspro.com.gt\/sitio\/?post_type=product&#038;p=1149"},"modified":"2025-11-26T17:44:41","modified_gmt":"2025-11-26T23:44:41","slug":"set-de-pinzas-de-4-pzas","status":"publish","type":"product","link":"https:\/\/www.diaspro.com.gt\/sitio\/producto\/set-de-pinzas-de-4-pzas\/","title":{"rendered":"Set de Pinzas de 4 Pzas"},"content":{"rendered":"<ul>\n<li>Acero forjado acabado en n\u00edquel<\/li>\n<li>Mango antideslizante<\/li>\n<li>Empacado en bl\u00edster<\/li>\n<li>Tama\u00f1o: 7&#8243;<\/li>\n<\/ul>\n","protected":false},"excerpt":{"rendered":"<p>Acero forjado acabado en n\u00edquel Mango antideslizante Empacado en bl\u00edster Tama\u00f1o: 7&#8243;<\/p>\n","protected":false},"featured_media":1150,"comment_status":"open","ping_status":"closed","template":"","meta":{"_et_pb_use_builder":"","_et_pb_old_content":"","_et_gb_content_width":""},"product_brand":[],"product_cat":[606],"product_tag":[70,100,101],"class_list":{"0":"post-1149","1":"product","2":"type-product","3":"status-publish","4":"has-post-thumbnail","6":"product_cat-tolsen","7":"product_tag-herramientas","8":"product_tag-pinzas","9":"product_tag-set","11":"first","12":"instock","13":"shipping-taxable","14":"purchasable","15":"product-type-simple"},"jetpack_sharing_enabled":true,"jetpack_likes_enabled":true,"_links":{"self":[{"href":"https:\/\/www.diaspro.com.gt\/sitio\/wp-json\/wp\/v2\/product\/1149","targetHints":{"allow":["GET"]}}],"collection":[{"href":"https:\/\/www.diaspro.com.gt\/sitio\/wp-json\/wp\/v2\/product"}],"about":[{"href":"https:\/\/www.diaspro.com.gt\/sitio\/wp-json\/wp\/v2\/types\/product"}],"replies":[{"embeddable":true,"href":"https:\/\/www.diaspro.com.gt\/sitio\/wp-json\/wp\/v2\/comments?post=1149"}],"wp:featuredmedia":[{"embeddable":true,"href":"https:\/\/www.diaspro.com.gt\/sitio\/wp-json\/wp\/v2\/media\/1150"}],"wp:attachment":[{"href":"https:\/\/www.diaspro.com.gt\/sitio\/wp-json\/wp\/v2\/media?parent=1149"}],"wp:term":[{"taxonomy":"product_brand","embeddable":true,"href":"https:\/\/www.diaspro.com.gt\/sitio\/wp-json\/wp\/v2\/product_brand?post=1149"},{"taxonomy":"product_cat","embeddable":true,"href":"https:\/\/www.diaspro.com.gt\/sitio\/wp-json\/wp\/v2\/product_cat?post=1149"},{"taxonomy":"product_tag","embeddable":true,"href":"https:\/\/www.diaspro.com.gt\/sitio\/wp-json\/wp\/v2\/product_tag?post=1149"}],"curies":[{"name":"wp","href":"https:\/\/api.w.org\/{rel}","templated":true}]}}