{"id":1134,"date":"2022-06-13T12:13:27","date_gmt":"2022-06-13T18:13:27","guid":{"rendered":"https:\/\/www.diaspro.com.gt\/sitio\/?post_type=product&#038;p=1134"},"modified":"2025-11-26T17:47:05","modified_gmt":"2025-11-26T23:47:05","slug":"destornillador-aislado-phillips","status":"publish","type":"product","link":"https:\/\/www.diaspro.com.gt\/sitio\/producto\/destornillador-aislado-phillips\/","title":{"rendered":"Destornillador Aislado Phillips"},"content":{"rendered":"<ul>\n<li>Certificado VDE \/ GS<\/li>\n<li>Material S2, completamente endurecida y templada<\/li>\n<li>Superficie ennegrecida qu\u00edmicamente<\/li>\n<li>Empu\u00f1adura y mango fabricados de acuerdo con EN60900<\/li>\n<li>Forma ergon\u00f3mica para f\u00e1cil manejo<\/li>\n<li>Con orificio para colgar<\/li>\n<li>PH1x80mm<\/li>\n<\/ul>\n","protected":false},"excerpt":{"rendered":"<p>Certificado VDE \/ GS Material S2, completamente endurecida y templada Superficie ennegrecida qu\u00edmicamente Empu\u00f1adura y mango fabricados de acuerdo con EN60900 Forma ergon\u00f3mica para f\u00e1cil manejo Con orificio para colgar PH1x80mm<\/p>\n","protected":false},"featured_media":1136,"comment_status":"open","ping_status":"closed","template":"","meta":{"_et_pb_use_builder":"","_et_pb_old_content":"","_et_gb_content_width":""},"product_brand":[],"product_cat":[606],"product_tag":[65,89,70,90],"class_list":{"0":"post-1134","1":"product","2":"type-product","3":"status-publish","4":"has-post-thumbnail","6":"product_cat-tolsen","7":"product_tag-aislado","8":"product_tag-destornillador","9":"product_tag-herramientas","10":"product_tag-tolsen","12":"first","13":"instock","14":"shipping-taxable","15":"purchasable","16":"product-type-simple"},"jetpack_sharing_enabled":true,"jetpack_likes_enabled":true,"_links":{"self":[{"href":"https:\/\/www.diaspro.com.gt\/sitio\/wp-json\/wp\/v2\/product\/1134","targetHints":{"allow":["GET"]}}],"collection":[{"href":"https:\/\/www.diaspro.com.gt\/sitio\/wp-json\/wp\/v2\/product"}],"about":[{"href":"https:\/\/www.diaspro.com.gt\/sitio\/wp-json\/wp\/v2\/types\/product"}],"replies":[{"embeddable":true,"href":"https:\/\/www.diaspro.com.gt\/sitio\/wp-json\/wp\/v2\/comments?post=1134"}],"wp:featuredmedia":[{"embeddable":true,"href":"https:\/\/www.diaspro.com.gt\/sitio\/wp-json\/wp\/v2\/media\/1136"}],"wp:attachment":[{"href":"https:\/\/www.diaspro.com.gt\/sitio\/wp-json\/wp\/v2\/media?parent=1134"}],"wp:term":[{"taxonomy":"product_brand","embeddable":true,"href":"https:\/\/www.diaspro.com.gt\/sitio\/wp-json\/wp\/v2\/product_brand?post=1134"},{"taxonomy":"product_cat","embeddable":true,"href":"https:\/\/www.diaspro.com.gt\/sitio\/wp-json\/wp\/v2\/product_cat?post=1134"},{"taxonomy":"product_tag","embeddable":true,"href":"https:\/\/www.diaspro.com.gt\/sitio\/wp-json\/wp\/v2\/product_tag?post=1134"}],"curies":[{"name":"wp","href":"https:\/\/api.w.org\/{rel}","templated":true}]}}