{"id":1110,"date":"2022-06-03T15:12:38","date_gmt":"2022-06-03T21:12:38","guid":{"rendered":"https:\/\/www.diaspro.com.gt\/sitio\/?post_type=product&#038;p=1110"},"modified":"2025-11-26T17:47:40","modified_gmt":"2025-11-26T23:47:40","slug":"alicate-para-pela-cable","status":"publish","type":"product","link":"https:\/\/www.diaspro.com.gt\/sitio\/producto\/alicate-para-pela-cable\/","title":{"rendered":"Alicate para pela cable"},"content":{"rendered":"<ul>\n<li>Con borde afilado para cortar alambre.<\/li>\n<li>Con funci\u00f3n para prensar terminales electr\u00f3nicas<\/li>\n<li>Con funci\u00f3n de pelado de cables.<\/li>\n<li>Se puede pelar seis tipos de cables<\/li>\n<li>Puede cortar cinco tipos de tornillo de cobre<\/li>\n<\/ul>\n","protected":false},"excerpt":{"rendered":"<p>Con borde afilado para cortar alambre. Con funci\u00f3n para prensar terminales electr\u00f3nicas Con funci\u00f3n de pelado de cables. Se puede pelar seis tipos de cables Puede cortar cinco tipos de tornillo de cobre<\/p>\n","protected":false},"featured_media":1111,"comment_status":"open","ping_status":"closed","template":"","meta":{"_et_pb_use_builder":"","_et_pb_old_content":"","_et_gb_content_width":""},"product_brand":[],"product_cat":[606],"product_tag":[83,56,70],"class_list":{"0":"post-1110","1":"product","2":"type-product","3":"status-publish","4":"has-post-thumbnail","6":"product_cat-tolsen","7":"product_tag-alicate","8":"product_tag-cable","9":"product_tag-herramientas","11":"first","12":"outofstock","13":"shipping-taxable","14":"purchasable","15":"product-type-simple"},"jetpack_sharing_enabled":true,"jetpack_likes_enabled":true,"_links":{"self":[{"href":"https:\/\/www.diaspro.com.gt\/sitio\/wp-json\/wp\/v2\/product\/1110","targetHints":{"allow":["GET"]}}],"collection":[{"href":"https:\/\/www.diaspro.com.gt\/sitio\/wp-json\/wp\/v2\/product"}],"about":[{"href":"https:\/\/www.diaspro.com.gt\/sitio\/wp-json\/wp\/v2\/types\/product"}],"replies":[{"embeddable":true,"href":"https:\/\/www.diaspro.com.gt\/sitio\/wp-json\/wp\/v2\/comments?post=1110"}],"wp:featuredmedia":[{"embeddable":true,"href":"https:\/\/www.diaspro.com.gt\/sitio\/wp-json\/wp\/v2\/media\/1111"}],"wp:attachment":[{"href":"https:\/\/www.diaspro.com.gt\/sitio\/wp-json\/wp\/v2\/media?parent=1110"}],"wp:term":[{"taxonomy":"product_brand","embeddable":true,"href":"https:\/\/www.diaspro.com.gt\/sitio\/wp-json\/wp\/v2\/product_brand?post=1110"},{"taxonomy":"product_cat","embeddable":true,"href":"https:\/\/www.diaspro.com.gt\/sitio\/wp-json\/wp\/v2\/product_cat?post=1110"},{"taxonomy":"product_tag","embeddable":true,"href":"https:\/\/www.diaspro.com.gt\/sitio\/wp-json\/wp\/v2\/product_tag?post=1110"}],"curies":[{"name":"wp","href":"https:\/\/api.w.org\/{rel}","templated":true}]}}