{"id":616,"date":"2020-09-14T19:49:39","date_gmt":"2020-09-14T19:49:39","guid":{"rendered":"https:\/\/www.ssiguatemala.com\/constructor\/?page_id=616"},"modified":"2022-07-12T14:29:08","modified_gmt":"2022-07-12T20:29:08","slug":"nosotros","status":"publish","type":"page","link":"https:\/\/www.diaspro.com.gt\/sitio\/nosotros\/","title":{"rendered":"Nosotros"},"content":{"rendered":"<p>[et_pb_section fb_built=\u00bb1&#8243; _builder_version=\u00bb4.6.1&#8243; _module_preset=\u00bbdefault\u00bb custom_padding=\u00bb50px||0px|||\u00bb global_colors_info=\u00bb{}\u00bb][et_pb_row _builder_version=\u00bb4.6.1&#8243; _module_preset=\u00bbdefault\u00bb custom_margin=\u00bb||0px||false|false\u00bb custom_padding=\u00bb||0px||false|false\u00bb global_colors_info=\u00bb{}\u00bb][et_pb_column type=\u00bb4_4&#8243; _builder_version=\u00bb4.6.1&#8243; _module_preset=\u00bbdefault\u00bb global_colors_info=\u00bb{}\u00bb][et_pb_text _builder_version=\u00bb4.6.1&#8243; _module_preset=\u00bbdefault\u00bb header_3_font=\u00bb|||on|||||\u00bb header_3_font_size=\u00bb24px\u00bb custom_margin=\u00bb0px||0px||true|false\u00bb global_colors_info=\u00bb{}\u00bb]<\/p>\n<h3>Nosotros<\/h3>\n<p>[\/et_pb_text][et_pb_divider color=\u00bb#f16c20&#8243; divider_weight=\u00bb2px\u00bb _builder_version=\u00bb4.6.1&#8243; _module_preset=\u00bbdefault\u00bb width=\u00bb9%\u00bb custom_margin=\u00bb0px||0px||true|false\u00bb custom_padding=\u00bb0px||0px||true|false\u00bb global_colors_info=\u00bb{}\u00bb][\/et_pb_divider][\/et_pb_column][\/et_pb_row][\/et_pb_section][et_pb_section fb_built=\u00bb1&#8243; specialty=\u00bbon\u00bb _builder_version=\u00bb4.6.1&#8243; _module_preset=\u00bbdefault\u00bb max_width=\u00bb100%\u00bb inner_max_width=\u00bb100%\u00bb custom_padding=\u00bb4px|||||\u00bb global_colors_info=\u00bb{}\u00bb][et_pb_column type=\u00bb3_4&#8243; specialty_columns=\u00bb3&#8243; _builder_version=\u00bb3.25&#8243; custom_padding=\u00bb|||\u00bb global_colors_info=\u00bb{}\u00bb custom_padding__hover=\u00bb|||\u00bb][et_pb_row_inner column_structure=\u00bb1_2,1_2&#8243; _builder_version=\u00bb4.6.1&#8243; _module_preset=\u00bbdefault\u00bb width=\u00bb100%\u00bb max_width=\u00bb100%\u00bb global_colors_info=\u00bb{}\u00bb][et_pb_column_inner type=\u00bb1_2&#8243; saved_specialty_column_type=\u00bb3_4&#8243; _builder_version=\u00bb4.6.1&#8243; _module_preset=\u00bbdefault\u00bb global_colors_info=\u00bb{}\u00bb][et_pb_text _builder_version=\u00bb4.6.1&#8243; _module_preset=\u00bbdefault\u00bb text_font_size=\u00bb16px\u00bb header_3_font=\u00bb|||on|||||\u00bb header_3_text_align=\u00bbcenter\u00bb header_3_text_color=\u00bb#ffffff\u00bb header_3_font_size=\u00bb18px\u00bb background_color=\u00bb#0d3c55&#8243; custom_padding=\u00bb13px||0px||false|false\u00bb global_colors_info=\u00bb{}\u00bb]<\/p>\n<h3>Visi\u00f3n<\/h3>\n<p>[\/et_pb_text][et_pb_text _builder_version=\u00bb4.6.1&#8243; _module_preset=\u00bbdefault\u00bb text_orientation=\u00bbjustified\u00bb global_colors_info=\u00bb{}\u00bb]<\/p>\n<p>Ser empresa l\u00edder en la prestaci\u00f3n de servicios profesionales, distribuci\u00f3n y venta de equipos en general para la industria, comercio y gobierno de la regi\u00f3n.<\/p>\n<p>[\/et_pb_text][\/et_pb_column_inner][et_pb_column_inner type=\u00bb1_2&#8243; saved_specialty_column_type=\u00bb3_4&#8243; _builder_version=\u00bb4.6.1&#8243; _module_preset=\u00bbdefault\u00bb global_colors_info=\u00bb{}\u00bb][et_pb_text _builder_version=\u00bb4.6.1&#8243; _module_preset=\u00bbdefault\u00bb text_font_size=\u00bb16px\u00bb header_3_font=\u00bb|||on|||||\u00bb header_3_text_align=\u00bbcenter\u00bb header_3_text_color=\u00bb#ffffff\u00bb header_3_font_size=\u00bb18px\u00bb background_color=\u00bb#0d3c55&#8243; custom_padding=\u00bb13px||0px||false|false\u00bb global_colors_info=\u00bb{}\u00bb]<\/p>\n<h3>Misi\u00f3n<\/h3>\n<p>[\/et_pb_text][et_pb_text _builder_version=\u00bb4.6.1&#8243; _module_preset=\u00bbdefault\u00bb text_orientation=\u00bbjustified\u00bb global_colors_info=\u00bb{}\u00bb]<\/p>\n<p>Misi\u00f3n: Brindar un servicio de excelente calidad a nuestros clientes, entreg\u00e1ndoles las mejores soluciones a sus proyectos, entregando sus equipos en los tiempos requeridos y dando asesor\u00eda pre y post venta.<\/p>\n<p>[\/et_pb_text][\/et_pb_column_inner][\/et_pb_row_inner][\/et_pb_column][et_pb_column type=\u00bb1_4&#8243; _builder_version=\u00bb3.25&#8243; custom_padding=\u00bb|||\u00bb global_colors_info=\u00bb{}\u00bb custom_padding__hover=\u00bb|||\u00bb][et_pb_text _builder_version=\u00bb4.14.8&#8243; _module_preset=\u00bbdefault\u00bb text_text_color=\u00bb#f16c20&#8243; link_text_color=\u00bb#f16c20&#8243; header_5_font=\u00bbCabin||||||||\u00bb custom_padding=\u00bb|||10px|false|false\u00bb border_width_left=\u00bb1px\u00bb border_color_left=\u00bb#bcbcbc\u00bb saved_tabs=\u00bball\u00bb locked=\u00bboff\u00bb global_colors_info=\u00bb{}\u00bb global_module=\u00bb1210&#8243; theme_builder_area=\u00bbpost_content\u00bb]<\/p>\n<h5><strong><span style=\"font-size: 14pt; color: #0d3c55;\">Ventas<\/span><\/strong><\/h5>\n<p><strong><span style=\"color: #0d3c55;\">Tel\u00e9fono:<\/span><\/strong><br \/><a href=\"tel:50266342445 \">(+502) 6634-2445 <\/a><\/p>\n<p><a href=\"tel:50241014923\">(+502) 4101-4923<\/a><br \/><strong><span style=\"color: #0d3c55;\">Correo Electr\u00f3nico:<\/span><\/strong><br \/><a href=\"mailto:ventas1@diaspro.com.gt\">ventas1@diaspro.com.gt<\/a><\/p>\n<p>&nbsp;<\/p>\n<h5><strong><span style=\"font-size: 14pt; color: #0d3c55;\">Servicio al Cliente<\/span><\/strong><\/h5>\n<p><strong><span style=\"color: #0d3c55;\">Correo Electr\u00f3nico:<\/span><\/strong><br \/><a href=\"mailto:servicioalcliente@diaspro.com.gt\">servicioalcliente@diaspro.com.gt<\/a><\/p>\n<p>&nbsp;<\/p>\n<h5><strong><span style=\"font-size: 14pt; color: #0d3c55;\">Direcci\u00f3n:<\/span><\/strong><\/h5>\n<p>C. C. La Plazoleta, Local 13, Primer Nivel, Km 18.5 Carretera a San Jos\u00e9 Pinula.<\/p>\n<p>[\/et_pb_text][\/et_pb_column][\/et_pb_section]<\/p>\n","protected":false},"excerpt":{"rendered":"<p>NosotrosVisi\u00f3nSer empresa l\u00edder en la prestaci\u00f3n de servicios profesionales, distribuci\u00f3n y venta de equipos en general para la industria, comercio y gobierno de la regi\u00f3n.Misi\u00f3nMisi\u00f3n: Brindar un servicio de excelente calidad a nuestros clientes, entreg\u00e1ndoles las mejores soluciones a sus proyectos, entregando sus equipos en los tiempos requeridos y dando asesor\u00eda pre y post venta.Ventas [&hellip;]<\/p>\n","protected":false},"author":1,"featured_media":0,"parent":0,"menu_order":0,"comment_status":"closed","ping_status":"closed","template":"","meta":{"_et_pb_use_builder":"on","_et_pb_old_content":"","_et_gb_content_width":"","footnotes":""},"class_list":["post-616","page","type-page","status-publish","hentry"],"jetpack_sharing_enabled":true,"jetpack_likes_enabled":true,"_links":{"self":[{"href":"https:\/\/www.diaspro.com.gt\/sitio\/wp-json\/wp\/v2\/pages\/616","targetHints":{"allow":["GET"]}}],"collection":[{"href":"https:\/\/www.diaspro.com.gt\/sitio\/wp-json\/wp\/v2\/pages"}],"about":[{"href":"https:\/\/www.diaspro.com.gt\/sitio\/wp-json\/wp\/v2\/types\/page"}],"author":[{"embeddable":true,"href":"https:\/\/www.diaspro.com.gt\/sitio\/wp-json\/wp\/v2\/users\/1"}],"replies":[{"embeddable":true,"href":"https:\/\/www.diaspro.com.gt\/sitio\/wp-json\/wp\/v2\/comments?post=616"}],"version-history":[{"count":3,"href":"https:\/\/www.diaspro.com.gt\/sitio\/wp-json\/wp\/v2\/pages\/616\/revisions"}],"predecessor-version":[{"id":1222,"href":"https:\/\/www.diaspro.com.gt\/sitio\/wp-json\/wp\/v2\/pages\/616\/revisions\/1222"}],"wp:attachment":[{"href":"https:\/\/www.diaspro.com.gt\/sitio\/wp-json\/wp\/v2\/media?parent=616"}],"curies":[{"name":"wp","href":"https:\/\/api.w.org\/{rel}","templated":true}]}}