{"id":599,"date":"2020-09-14T17:30:56","date_gmt":"2020-09-14T17:30:56","guid":{"rendered":"https:\/\/www.ssiguatemala.com\/constructor\/?page_id=599"},"modified":"2022-07-12T14:24:05","modified_gmt":"2022-07-12T20:24:05","slug":"iluminacion-led","status":"publish","type":"page","link":"https:\/\/www.diaspro.com.gt\/sitio\/iluminacion-led\/","title":{"rendered":"Iluminaci\u00f3n Led"},"content":{"rendered":"<p>[et_pb_section fb_built=\u00bb1&#8243; _builder_version=\u00bb4.6.1&#8243; _module_preset=\u00bbdefault\u00bb custom_padding=\u00bb50px||0px|||\u00bb global_colors_info=\u00bb{}\u00bb][et_pb_row _builder_version=\u00bb4.6.1&#8243; _module_preset=\u00bbdefault\u00bb custom_margin=\u00bb||0px||false|false\u00bb custom_padding=\u00bb||0px||false|false\u00bb global_colors_info=\u00bb{}\u00bb][et_pb_column type=\u00bb4_4&#8243; _builder_version=\u00bb4.6.1&#8243; _module_preset=\u00bbdefault\u00bb global_colors_info=\u00bb{}\u00bb][et_pb_text _builder_version=\u00bb4.6.1&#8243; _module_preset=\u00bbdefault\u00bb header_3_font=\u00bb|||on|||||\u00bb header_3_font_size=\u00bb24px\u00bb custom_margin=\u00bb0px||0px||true|false\u00bb global_colors_info=\u00bb{}\u00bb]<\/p>\n<h3>Iluminaci\u00f3n Led<\/h3>\n<p>[\/et_pb_text][et_pb_divider color=\u00bb#f16c20&#8243; divider_weight=\u00bb2px\u00bb _builder_version=\u00bb4.6.1&#8243; _module_preset=\u00bbdefault\u00bb width=\u00bb9%\u00bb custom_margin=\u00bb0px||0px||true|false\u00bb custom_padding=\u00bb0px||0px||true|false\u00bb global_colors_info=\u00bb{}\u00bb][\/et_pb_divider][\/et_pb_column][\/et_pb_row][\/et_pb_section][et_pb_section fb_built=\u00bb1&#8243; specialty=\u00bbon\u00bb _builder_version=\u00bb4.6.1&#8243; _module_preset=\u00bbdefault\u00bb max_width=\u00bb100%\u00bb inner_max_width=\u00bb100%\u00bb custom_padding=\u00bb4px|||||\u00bb global_colors_info=\u00bb{}\u00bb][et_pb_column type=\u00bb3_4&#8243; specialty_columns=\u00bb3&#8243; _builder_version=\u00bb3.25&#8243; custom_padding=\u00bb|||\u00bb global_colors_info=\u00bb{}\u00bb custom_padding__hover=\u00bb|||\u00bb][et_pb_row_inner _builder_version=\u00bb4.6.1&#8243; _module_preset=\u00bbdefault\u00bb width=\u00bb100%\u00bb max_width=\u00bb100%\u00bb global_colors_info=\u00bb{}\u00bb][et_pb_column_inner saved_specialty_column_type=\u00bb3_4&#8243; _builder_version=\u00bb4.6.1&#8243; _module_preset=\u00bbdefault\u00bb global_colors_info=\u00bb{}\u00bb][et_pb_text _builder_version=\u00bb4.6.1&#8243; _module_preset=\u00bbdefault\u00bb custom_margin=\u00bb26px||0px||false|false\u00bb global_colors_info=\u00bb{}\u00bb]<\/p>\n<h3>Beneficios de los focos LED<\/h3>\n<p>.<\/p>\n<p>[\/et_pb_text][et_pb_text _builder_version=\u00bb4.6.1&#8243; _module_preset=\u00bbdefault\u00bb text_font_size=\u00bb16px\u00bb global_colors_info=\u00bb{}\u00bb]<\/p>\n<ul>\n<li>Los focos LED pueden ahorrar el 22% del consumo energ\u00e9tico<\/li>\n<li>Los focos LED se pueden adaptar a cualquier l\u00e1mpara que puedas tener<\/li>\n<li>Los focos LED tienen un periodo de vida de 20 a\u00f1os<\/li>\n<li>Los focos LED pueden durar m\u00e1s de 20 mil horas prendidos<\/li>\n<li>Comparados con los focos incandescentes son mucho m\u00e1s eficientes<\/li>\n<\/ul>\n<p>Los focos incandescentes, que son los tradicionales, no duran mucho tiempo,\u00a0 son poco eficientes y adem\u00e1s producen 75% de calor y s\u00f3lo 25% de iluminaci\u00f3n.<\/p>\n<p>[\/et_pb_text][et_pb_image src=\u00bbhttps:\/\/www.diaspro.com.gt\/sitio\/wp-content\/uploads\/2016\/09\/reflector-led-20w.jpg\u00bb title_text=\u00bbreflector-led-20w\u00bb align=\u00bbcenter\u00bb _builder_version=\u00bb4.6.1&#8243; _module_preset=\u00bbdefault\u00bb max_width=\u00bb50%\u00bb global_colors_info=\u00bb{}\u00bb][\/et_pb_image][\/et_pb_column_inner][\/et_pb_row_inner][\/et_pb_column][et_pb_column type=\u00bb1_4&#8243; _builder_version=\u00bb3.25&#8243; custom_padding=\u00bb|||\u00bb global_colors_info=\u00bb{}\u00bb custom_padding__hover=\u00bb|||\u00bb][et_pb_text _builder_version=\u00bb4.14.8&#8243; _module_preset=\u00bbdefault\u00bb text_text_color=\u00bb#f16c20&#8243; link_text_color=\u00bb#f16c20&#8243; header_5_font=\u00bbCabin||||||||\u00bb custom_padding=\u00bb|||10px|false|false\u00bb border_width_left=\u00bb1px\u00bb border_color_left=\u00bb#bcbcbc\u00bb saved_tabs=\u00bball\u00bb locked=\u00bboff\u00bb global_colors_info=\u00bb{}\u00bb global_module=\u00bb1210&#8243; theme_builder_area=\u00bbpost_content\u00bb]<\/p>\n<h5><strong><span style=\"font-size: 14pt; color: #0d3c55;\">Ventas<\/span><\/strong><\/h5>\n<p><strong><span style=\"color: #0d3c55;\">Tel\u00e9fono:<\/span><\/strong><br \/><a href=\"tel:50266342445 \">(+502) 6634-2445 <\/a><\/p>\n<p><a href=\"tel:50241014923\">(+502) 4101-4923<\/a><br \/><strong><span style=\"color: #0d3c55;\">Correo Electr\u00f3nico:<\/span><\/strong><br \/><a href=\"mailto:ventas1@diaspro.com.gt\">ventas1@diaspro.com.gt<\/a><\/p>\n<p>&nbsp;<\/p>\n<h5><strong><span style=\"font-size: 14pt; color: #0d3c55;\">Servicio al Cliente<\/span><\/strong><\/h5>\n<p><strong><span style=\"color: #0d3c55;\">Correo Electr\u00f3nico:<\/span><\/strong><br \/><a href=\"mailto:servicioalcliente@diaspro.com.gt\">servicioalcliente@diaspro.com.gt<\/a><\/p>\n<p>&nbsp;<\/p>\n<h5><strong><span style=\"font-size: 14pt; color: #0d3c55;\">Direcci\u00f3n:<\/span><\/strong><\/h5>\n<p>C. C. La Plazoleta, Local 13, Primer Nivel, Km 18.5 Carretera a San Jos\u00e9 Pinula.<\/p>\n<p>[\/et_pb_text][\/et_pb_column][\/et_pb_section]<\/p>\n","protected":false},"excerpt":{"rendered":"<p>Iluminaci\u00f3n LedBeneficios de los focos LED . Los focos LED pueden ahorrar el 22% del consumo energ\u00e9tico Los focos LED se pueden adaptar a cualquier l\u00e1mpara que puedas tener Los focos LED tienen un periodo de vida de 20 a\u00f1os Los focos LED pueden durar m\u00e1s de 20 mil horas prendidos Comparados con los focos [&hellip;]<\/p>\n","protected":false},"author":1,"featured_media":0,"parent":0,"menu_order":0,"comment_status":"closed","ping_status":"closed","template":"","meta":{"_et_pb_use_builder":"on","_et_pb_old_content":"","_et_gb_content_width":"","footnotes":""},"class_list":["post-599","page","type-page","status-publish","hentry"],"jetpack_sharing_enabled":true,"jetpack_likes_enabled":true,"_links":{"self":[{"href":"https:\/\/www.diaspro.com.gt\/sitio\/wp-json\/wp\/v2\/pages\/599","targetHints":{"allow":["GET"]}}],"collection":[{"href":"https:\/\/www.diaspro.com.gt\/sitio\/wp-json\/wp\/v2\/pages"}],"about":[{"href":"https:\/\/www.diaspro.com.gt\/sitio\/wp-json\/wp\/v2\/types\/page"}],"author":[{"embeddable":true,"href":"https:\/\/www.diaspro.com.gt\/sitio\/wp-json\/wp\/v2\/users\/1"}],"replies":[{"embeddable":true,"href":"https:\/\/www.diaspro.com.gt\/sitio\/wp-json\/wp\/v2\/comments?post=599"}],"version-history":[{"count":4,"href":"https:\/\/www.diaspro.com.gt\/sitio\/wp-json\/wp\/v2\/pages\/599\/revisions"}],"predecessor-version":[{"id":1215,"href":"https:\/\/www.diaspro.com.gt\/sitio\/wp-json\/wp\/v2\/pages\/599\/revisions\/1215"}],"wp:attachment":[{"href":"https:\/\/www.diaspro.com.gt\/sitio\/wp-json\/wp\/v2\/media?parent=599"}],"curies":[{"name":"wp","href":"https:\/\/api.w.org\/{rel}","templated":true}]}}